{"id":6276,"date":"2022-04-06T10:11:30","date_gmt":"2022-04-06T10:11:30","guid":{"rendered":"https:\/\/cepaiturribide.com\/confirmacion-de-envio\/"},"modified":"2022-04-06T10:28:40","modified_gmt":"2022-04-06T10:28:40","slug":"confirmacion-de-envio","status":"publish","type":"page","link":"https:\/\/cepaiturribide.com\/eu\/confirmacion-de-envio\/","title":{"rendered":"Bidalketa berrespena"},"content":{"rendered":"<div class=\"wpb-content-wrapper\"><div data-vc-full-width=\"true\" data-vc-full-width-init=\"false\" class=\"vc_row wpb_row vc_row-fluid vc_custom_1646745017005 wpex-vc-row-stretched\"><div class=\"wpb_column vc_column_container vc_col-sm-6\"><div class=\"vc_column-inner\"><div class=\"wpb_wrapper\"><style>.vcex_69f44149beee9{font-size:60px!important;}@media (max-width:1024px){.vcex_69f44149beee9{font-size:60px!important;}}@media (max-width:959px){.vcex_69f44149beee9{font-size:50px!important;}}@media (max-width:767px){.vcex_69f44149beee9{font-size:40px!important;}}@media (max-width:479px){.vcex_69f44149beee9{font-size:35px!important;}}<\/style><h2 class=\"vcex-heading vcex-module wpex-text-2xl wpex-font-normal wpex-m-auto wpex-max-w-100 vcex-heading-plain wpex-block wpex-text-left  wpb_animate_when_almost_visible wpb_fadeIn fadeIn vc_custom_1649240897095 vcex_69f44149beee9\" style=\"color:#3c78c8;font-family:Nunito;font-weight:400;text-transform:none;line-height:100%;\"><span class=\"vcex-heading-inner wpex-inline-block wpex-clr\">Formularioa ondo bidali da<\/span><\/h2><div class=\"vc_empty_space  subraya_tit_grande_izda\"   style=\"height: 2px\"><span class=\"vc_empty_space_inner\"><\/span><\/div><\/div><\/div><\/div><div class=\"wpb_column vc_column_container vc_col-sm-6\"><div class=\"vc_column-inner\"><div class=\"wpb_wrapper\"><\/div><\/div><\/div><\/div><div class=\"vc_row-full-width vc_clearfix\"><\/div><!-- Row Backgrounds --><div class=\"upb_color\" data-bg-override=\"0\" data-bg-color=\"#ffffff\" data-fadeout=\"\" data-fadeout-percentage=\"30\" data-parallax-content=\"\" data-parallax-content-sense=\"30\" data-row-effect-mobile-disable=\"true\" data-img-parallax-mobile-disable=\"true\" data-rtl=\"false\"  data-custom-vc-row=\"\"  data-vc=\"8.6.1\"  data-is_old_vc=\"\"  data-theme-support=\"\"   data-overlay=\"false\" data-overlay-color=\"\" data-overlay-pattern=\"\" data-overlay-pattern-opacity=\"\" data-overlay-pattern-size=\"\"    ><\/div><div id=\"informacion\" data-vc-full-width=\"true\" data-vc-full-width-init=\"false\" class=\"vc_row wpb_row vc_row-fluid vc_custom_1649239889040 wpex-vc-row-stretched\"><div class=\"wpb_column vc_column_container vc_col-sm-12\"><div class=\"vc_column-inner\"><div class=\"wpb_wrapper\"><div class=\"vc_empty_space\"   style=\"height: 80px\"><span class=\"vc_empty_space_inner\"><\/span><\/div>\n\t<div style=\"font-size:22px;\" class=\"wpb_text_column wpb_content_element\" >\n\t\t<div class=\"wpb_wrapper\">\n\t\t\t<p style=\"text-align: center;\">Formularioa ondo bidali da.<br \/>\nEskerrik asko kontaktuan jartzeagaitik, laster jarriko gara zurekin harremanetan edozein gauza argitzeko.<\/p>\n\n\t\t<\/div>\n\t<\/div>\n<\/div><\/div><\/div><\/div><div class=\"vc_row-full-width vc_clearfix\"><\/div><!-- Row Backgrounds --><div class=\"upb_color\" data-bg-override=\"0\" data-bg-color=\"#ffffff\" data-fadeout=\"\" data-fadeout-percentage=\"30\" data-parallax-content=\"\" data-parallax-content-sense=\"30\" data-row-effect-mobile-disable=\"true\" data-img-parallax-mobile-disable=\"true\" data-rtl=\"false\"  data-custom-vc-row=\"\"  data-vc=\"8.6.1\"  data-is_old_vc=\"\"  data-theme-support=\"\"   data-overlay=\"false\" data-overlay-color=\"\" data-overlay-pattern=\"\" data-overlay-pattern-opacity=\"\" data-overlay-pattern-size=\"\"    ><\/div>\n<\/div>","protected":false},"excerpt":{"rendered":"Formularioa ondo bidali da Formularioa ondo bidali da. Eskerrik asko kontaktuan jartzeagaitik, laster jarriko gara zurekin harremanetan edozein gauza argitzeko.","protected":false},"author":1,"featured_media":0,"parent":0,"menu_order":0,"comment_status":"closed","ping_status":"closed","template":"","meta":{"_acf_changed":false,"footnotes":""},"class_list":["post-6276","page","type-page","status-publish","hentry","entry","no-media"],"acf":[],"yoast_head":"<!-- This site is optimized with the Yoast SEO plugin v27.5 - https:\/\/yoast.com\/product\/yoast-seo-wordpress\/ -->\n<title>Bidalketa berrespena - EPA Iturribide HHI<\/title>\n<meta name=\"robots\" content=\"index, follow, max-snippet:-1, max-image-preview:large, max-video-preview:-1\" \/>\n<link rel=\"canonical\" href=\"https:\/\/cepaiturribide.com\/eu\/confirmacion-de-envio\/\" \/>\n<meta property=\"og:locale\" content=\"eu_ES\" \/>\n<meta property=\"og:type\" content=\"article\" \/>\n<meta property=\"og:title\" content=\"Bidalketa berrespena - EPA Iturribide HHI\" \/>\n<meta property=\"og:url\" content=\"https:\/\/cepaiturribide.com\/eu\/confirmacion-de-envio\/\" \/>\n<meta property=\"og:site_name\" content=\"EPA Iturribide HHI\" \/>\n<meta property=\"article:modified_time\" content=\"2022-04-06T10:28:40+00:00\" \/>\n<meta property=\"og:image\" content=\"https:\/\/cepaiturribide.com\/wp-content\/uploads\/2024\/08\/imagen_yoast.jpg\" \/>\n\t<meta property=\"og:image:width\" content=\"1200\" \/>\n\t<meta property=\"og:image:height\" content=\"675\" \/>\n\t<meta property=\"og:image:type\" content=\"image\/jpeg\" \/>\n<meta name=\"twitter:card\" content=\"summary_large_image\" \/>\n<meta name=\"twitter:label1\" content=\"Est. reading time\" \/>\n\t<meta name=\"twitter:data1\" content=\"1 minute\" \/>\n<script type=\"application\/ld+json\" class=\"yoast-schema-graph\">{\"@context\":\"https:\\\/\\\/schema.org\",\"@graph\":[{\"@type\":\"WebPage\",\"@id\":\"https:\\\/\\\/cepaiturribide.com\\\/eu\\\/confirmacion-de-envio\\\/\",\"url\":\"https:\\\/\\\/cepaiturribide.com\\\/eu\\\/confirmacion-de-envio\\\/\",\"name\":\"Bidalketa berrespena - EPA Iturribide HHI\",\"isPartOf\":{\"@id\":\"https:\\\/\\\/cepaiturribide.com\\\/#website\"},\"datePublished\":\"2022-04-06T10:11:30+00:00\",\"dateModified\":\"2022-04-06T10:28:40+00:00\",\"breadcrumb\":{\"@id\":\"https:\\\/\\\/cepaiturribide.com\\\/eu\\\/confirmacion-de-envio\\\/#breadcrumb\"},\"inLanguage\":\"eu-ES\",\"potentialAction\":[{\"@type\":\"ReadAction\",\"target\":[\"https:\\\/\\\/cepaiturribide.com\\\/eu\\\/confirmacion-de-envio\\\/\"]}]},{\"@type\":\"BreadcrumbList\",\"@id\":\"https:\\\/\\\/cepaiturribide.com\\\/eu\\\/confirmacion-de-envio\\\/#breadcrumb\",\"itemListElement\":[{\"@type\":\"ListItem\",\"position\":1,\"name\":\"Portada\",\"item\":\"https:\\\/\\\/cepaiturribide.com\\\/eu\\\/home\\\/\"},{\"@type\":\"ListItem\",\"position\":2,\"name\":\"Bidalketa berrespena\"}]},{\"@type\":\"WebSite\",\"@id\":\"https:\\\/\\\/cepaiturribide.com\\\/#website\",\"url\":\"https:\\\/\\\/cepaiturribide.com\\\/\",\"name\":\"EPA Iturribide HHI\",\"description\":\"Centro p\u00fablico, perteneciente al Departamento de Educaci\u00f3n del Gobierno Vasco para la educaci\u00f3n de adultos, desde 1989.\",\"publisher\":{\"@id\":\"https:\\\/\\\/cepaiturribide.com\\\/#organization\"},\"potentialAction\":[{\"@type\":\"SearchAction\",\"target\":{\"@type\":\"EntryPoint\",\"urlTemplate\":\"https:\\\/\\\/cepaiturribide.com\\\/?s={search_term_string}\"},\"query-input\":{\"@type\":\"PropertyValueSpecification\",\"valueRequired\":true,\"valueName\":\"search_term_string\"}}],\"inLanguage\":\"eu-ES\"},{\"@type\":\"Organization\",\"@id\":\"https:\\\/\\\/cepaiturribide.com\\\/#organization\",\"name\":\"EPA Iturribide HHI\",\"url\":\"https:\\\/\\\/cepaiturribide.com\\\/\",\"logo\":{\"@type\":\"ImageObject\",\"inLanguage\":\"eu-ES\",\"@id\":\"https:\\\/\\\/cepaiturribide.com\\\/#\\\/schema\\\/logo\\\/image\\\/\",\"url\":\"https:\\\/\\\/cepaiturribide.com\\\/wp-content\\\/uploads\\\/2022\\\/03\\\/logo_cepa_iturribide.png\",\"contentUrl\":\"https:\\\/\\\/cepaiturribide.com\\\/wp-content\\\/uploads\\\/2022\\\/03\\\/logo_cepa_iturribide.png\",\"width\":450,\"height\":132,\"caption\":\"EPA Iturribide HHI\"},\"image\":{\"@id\":\"https:\\\/\\\/cepaiturribide.com\\\/#\\\/schema\\\/logo\\\/image\\\/\"}}]}<\/script>\n<!-- \/ Yoast SEO plugin. -->","yoast_head_json":{"title":"Bidalketa berrespena - EPA Iturribide HHI","robots":{"index":"index","follow":"follow","max-snippet":"max-snippet:-1","max-image-preview":"max-image-preview:large","max-video-preview":"max-video-preview:-1"},"canonical":"https:\/\/cepaiturribide.com\/eu\/confirmacion-de-envio\/","og_locale":"eu_ES","og_type":"article","og_title":"Bidalketa berrespena - EPA Iturribide HHI","og_url":"https:\/\/cepaiturribide.com\/eu\/confirmacion-de-envio\/","og_site_name":"EPA Iturribide HHI","article_modified_time":"2022-04-06T10:28:40+00:00","og_image":[{"width":1200,"height":675,"url":"https:\/\/cepaiturribide.com\/wp-content\/uploads\/2024\/08\/imagen_yoast.jpg","type":"image\/jpeg"}],"twitter_card":"summary_large_image","twitter_misc":{"Est. reading time":"1 minute"},"schema":{"@context":"https:\/\/schema.org","@graph":[{"@type":"WebPage","@id":"https:\/\/cepaiturribide.com\/eu\/confirmacion-de-envio\/","url":"https:\/\/cepaiturribide.com\/eu\/confirmacion-de-envio\/","name":"Bidalketa berrespena - EPA Iturribide HHI","isPartOf":{"@id":"https:\/\/cepaiturribide.com\/#website"},"datePublished":"2022-04-06T10:11:30+00:00","dateModified":"2022-04-06T10:28:40+00:00","breadcrumb":{"@id":"https:\/\/cepaiturribide.com\/eu\/confirmacion-de-envio\/#breadcrumb"},"inLanguage":"eu-ES","potentialAction":[{"@type":"ReadAction","target":["https:\/\/cepaiturribide.com\/eu\/confirmacion-de-envio\/"]}]},{"@type":"BreadcrumbList","@id":"https:\/\/cepaiturribide.com\/eu\/confirmacion-de-envio\/#breadcrumb","itemListElement":[{"@type":"ListItem","position":1,"name":"Portada","item":"https:\/\/cepaiturribide.com\/eu\/home\/"},{"@type":"ListItem","position":2,"name":"Bidalketa berrespena"}]},{"@type":"WebSite","@id":"https:\/\/cepaiturribide.com\/#website","url":"https:\/\/cepaiturribide.com\/","name":"EPA Iturribide HHI","description":"Centro p\u00fablico, perteneciente al Departamento de Educaci\u00f3n del Gobierno Vasco para la educaci\u00f3n de adultos, desde 1989.","publisher":{"@id":"https:\/\/cepaiturribide.com\/#organization"},"potentialAction":[{"@type":"SearchAction","target":{"@type":"EntryPoint","urlTemplate":"https:\/\/cepaiturribide.com\/?s={search_term_string}"},"query-input":{"@type":"PropertyValueSpecification","valueRequired":true,"valueName":"search_term_string"}}],"inLanguage":"eu-ES"},{"@type":"Organization","@id":"https:\/\/cepaiturribide.com\/#organization","name":"EPA Iturribide HHI","url":"https:\/\/cepaiturribide.com\/","logo":{"@type":"ImageObject","inLanguage":"eu-ES","@id":"https:\/\/cepaiturribide.com\/#\/schema\/logo\/image\/","url":"https:\/\/cepaiturribide.com\/wp-content\/uploads\/2022\/03\/logo_cepa_iturribide.png","contentUrl":"https:\/\/cepaiturribide.com\/wp-content\/uploads\/2022\/03\/logo_cepa_iturribide.png","width":450,"height":132,"caption":"EPA Iturribide HHI"},"image":{"@id":"https:\/\/cepaiturribide.com\/#\/schema\/logo\/image\/"}}]}},"_links":{"self":[{"href":"https:\/\/cepaiturribide.com\/eu\/wp-json\/wp\/v2\/pages\/6276","targetHints":{"allow":["GET"]}}],"collection":[{"href":"https:\/\/cepaiturribide.com\/eu\/wp-json\/wp\/v2\/pages"}],"about":[{"href":"https:\/\/cepaiturribide.com\/eu\/wp-json\/wp\/v2\/types\/page"}],"author":[{"embeddable":true,"href":"https:\/\/cepaiturribide.com\/eu\/wp-json\/wp\/v2\/users\/1"}],"replies":[{"embeddable":true,"href":"https:\/\/cepaiturribide.com\/eu\/wp-json\/wp\/v2\/comments?post=6276"}],"version-history":[{"count":2,"href":"https:\/\/cepaiturribide.com\/eu\/wp-json\/wp\/v2\/pages\/6276\/revisions"}],"predecessor-version":[{"id":6278,"href":"https:\/\/cepaiturribide.com\/eu\/wp-json\/wp\/v2\/pages\/6276\/revisions\/6278"}],"wp:attachment":[{"href":"https:\/\/cepaiturribide.com\/eu\/wp-json\/wp\/v2\/media?parent=6276"}],"curies":[{"name":"wp","href":"https:\/\/api.w.org\/{rel}","templated":true}]}}